{"id":7329,"date":"2021-09-05T09:25:56","date_gmt":"2021-09-05T04:55:56","guid":{"rendered":"https:\/\/senobar-print.com\/hakkimizda\/"},"modified":"2022-10-19T15:22:27","modified_gmt":"2022-10-19T11:52:27","slug":"hakkimizda","status":"publish","type":"page","link":"https:\/\/senobar-print.com\/tr\/hakkimizda\/","title":{"rendered":"Hakk\u0131m\u0131zda"},"content":{"rendered":"\t\t<div data-elementor-type=\"wp-page\" data-elementor-id=\"7329\" class=\"elementor elementor-7329 elementor-1523\" data-elementor-post-type=\"page\">\n\t\t\t\t\t\t<section class=\"elementor-section elementor-top-section elementor-element elementor-element-168014d elementor-section-boxed elementor-section-height-default elementor-section-height-default\" data-id=\"168014d\" data-element_type=\"section\">\n\t\t\t\t\t\t<div class=\"elementor-container elementor-column-gap-default\">\n\t\t\t\t\t<div class=\"elementor-column elementor-col-50 elementor-top-column elementor-element elementor-element-a18325e\" data-id=\"a18325e\" data-element_type=\"column\">\n\t\t\t<div class=\"elementor-widget-wrap elementor-element-populated\">\n\t\t\t\t\t\t<div class=\"elementor-element elementor-element-1d43b95 elementor-widget elementor-widget-cz_image\" data-id=\"1d43b95\" data-element_type=\"widget\" data-widget_type=\"cz_image.default\">\n\t\t\t\t<div class=\"elementor-widget-container\">\n\t\t\t\t\t\r\n\t\t<div class=\"cz_image clr cz_image_no_fx center_on_mobile\">\r\n\r\n\t\t\t<div class=\"cz_svg_bg\">\r\n\r\n\t\t\t\t<div class=\"cz_image_in\">\r\n\r\n\t\t\t\t\t<div class=\"cz_main_image\"><img fetchpriority=\"high\" decoding=\"async\" width=\"960\" height=\"1280\" src=\"data:image\/svg+xml,%3Csvg%20xmlns%3D&#39;http%3A%2F%2Fwww.w3.org%2F2000%2Fsvg&#39;%20width=&#39;960&#39;%20height=&#39;1280&#39;%20viewBox%3D&#39;0%200%20960%201280&#39;%2F%3E\" data-czlz data-src=\"https:\/\/senobar-print.com\/wp-content\/uploads\/2022\/09\/632fe686-0970-45e8-971b-5092b6650a3b.jpg\" class=\"attachment-full size-full wp-image-6273\" alt=\"\" data-srcset=\"https:\/\/senobar-print.com\/wp-content\/uploads\/2022\/09\/632fe686-0970-45e8-971b-5092b6650a3b.jpg 960w, https:\/\/senobar-print.com\/wp-content\/uploads\/2022\/09\/632fe686-0970-45e8-971b-5092b6650a3b-225x300.jpg 225w, https:\/\/senobar-print.com\/wp-content\/uploads\/2022\/09\/632fe686-0970-45e8-971b-5092b6650a3b-768x1024.jpg 768w, https:\/\/senobar-print.com\/wp-content\/uploads\/2022\/09\/632fe686-0970-45e8-971b-5092b6650a3b-600x800.jpg 600w\" data-sizes=\"(max-width: 960px) 100vw, 960px\" \/><\/div>\r\n\r\n\t\t\t\t\t<div class=\"cz_hover_image\"><img fetchpriority=\"high\" decoding=\"async\" width=\"960\" height=\"1280\" src=\"data:image\/svg+xml,%3Csvg%20xmlns%3D&#39;http%3A%2F%2Fwww.w3.org%2F2000%2Fsvg&#39;%20width=&#39;960&#39;%20height=&#39;1280&#39;%20viewBox%3D&#39;0%200%20960%201280&#39;%2F%3E\" data-czlz data-src=\"https:\/\/senobar-print.com\/wp-content\/uploads\/2022\/09\/632fe686-0970-45e8-971b-5092b6650a3b.jpg\" class=\"attachment-full size-full wp-image-6273\" alt=\"\" data-srcset=\"https:\/\/senobar-print.com\/wp-content\/uploads\/2022\/09\/632fe686-0970-45e8-971b-5092b6650a3b.jpg 960w, https:\/\/senobar-print.com\/wp-content\/uploads\/2022\/09\/632fe686-0970-45e8-971b-5092b6650a3b-225x300.jpg 225w, https:\/\/senobar-print.com\/wp-content\/uploads\/2022\/09\/632fe686-0970-45e8-971b-5092b6650a3b-768x1024.jpg 768w, https:\/\/senobar-print.com\/wp-content\/uploads\/2022\/09\/632fe686-0970-45e8-971b-5092b6650a3b-600x800.jpg 600w\" data-sizes=\"(max-width: 960px) 100vw, 960px\" \/><\/div>\r\n\t\t\t\t<\/div>\r\n\r\n\t\t\t\t\r\n\t\t\t<\/div>\r\n\r\n\t\t<\/div>\r\n\r\n\t\t\t\t\t\t<\/div>\n\t\t\t\t<\/div>\n\t\t\t\t\t<\/div>\n\t\t<\/div>\n\t\t\t\t<div class=\"elementor-column elementor-col-50 elementor-top-column elementor-element elementor-element-0b40216\" data-id=\"0b40216\" data-element_type=\"column\">\n\t\t\t<div class=\"elementor-widget-wrap elementor-element-populated\">\n\t\t\t\t\t\t<div class=\"elementor-element elementor-element-b7c8e94 elementor-widget elementor-widget-cz_gap\" data-id=\"b7c8e94\" data-element_type=\"widget\" data-widget_type=\"cz_gap.default\">\n\t\t\t\t<div class=\"elementor-widget-container\">\n\t\t\t\t\t<div class=\"cz_gap clr\"><\/div>\t\t\t\t<\/div>\n\t\t\t\t<\/div>\n\t\t\t\t<div class=\"elementor-element elementor-element-4d9ac3e elementor-widget elementor-widget-cz_title\" data-id=\"4d9ac3e\" data-element_type=\"widget\" data-widget_type=\"cz_title.default\">\n\t\t\t\t<div class=\"elementor-widget-container\">\n\t\t\t\t\t\t\r\n\t\t<div>\r\n\t\t\t<div class=\"cz_title clr cz_mobile_text_center cz_title_pos_inline\"><div class=\"cz_title_shape shape_image cz_shape_1\"><img decoding=\"async\" width=\"140\" height=\"106\" src=\"data:image\/svg+xml,%3Csvg%20xmlns%3D&#39;http%3A%2F%2Fwww.w3.org%2F2000%2Fsvg&#39;%20width=&#39;140&#39;%20height=&#39;106&#39;%20viewBox%3D&#39;0%200%20140%20106&#39;%2F%3E\" data-czlz data-src=\"https:\/\/senobar-print.com\/wp-content\/uploads\/2022\/09\/shape.png\" class=\"attachment-full size-full wp-image-4938\" alt=\"\" \/><\/div><div class=\"cz_title_content\"><div class=\"cz_wpe_content\"><h3 style=\"line-height: 1.3; text-align: justify;\"><span style=\"font-size: 40px;\">En alttan en \u00fcste<span style=\"color: #0974ba;\"> ladin<\/span><\/span><\/h3><p style=\"text-align: justify;\">Bu topra\u011f\u0131n kalbinde gen\u00e7 bir fidan ve g\u00fc\u00e7l\u00fc bir a\u011faca d\u00f6n\u00fc\u015fen bir tohum.<\/p><p>Yetmi\u015fler, g\u00fcn\u00fcm\u00fcz\u00fcn g\u00fc\u00e7l\u00fc i\u015fletmelerinin \u00e7o\u011fu i\u00e7in do\u011fum ve b\u00fcy\u00fcme on y\u0131l\u0131yd\u0131. Sanobar o d\u00f6nemde bu isimle an\u0131lmasa da, yay\u0131nc\u0131l\u0131k pazar\u0131nda ilk kez yer alma ve yer edinme \u00e7abalar\u0131 ayn\u0131 on y\u0131lda ba\u015flad\u0131. Belki de yolculu\u011fun ba\u015flang\u0131c\u0131nda, m\u00fctevellilerinin yo\u011fun \u00e7al\u0131\u015fmalar\u0131 ve s\u00fcrekli \u00e7abalar\u0131yla olu\u015fan yeni bir i\u015fletmenin bir g\u00fcn etraf\u0131n\u0131 saran irili ufakl\u0131 g\u00f6lgeleri a\u015fabilece\u011fini kimse d\u00fc\u015f\u00fcnmemi\u015fti. \u0130ran'da yay\u0131nc\u0131l\u0131k alan\u0131ndaki en g\u00fc\u00e7l\u00fc isimlerle birlikte y\u00fckselmek ve faaliyetlerini s\u00fcrd\u00fcrmek.<\/p><p>Her durumda, herhangi bir i\u015fin ba\u015flang\u0131c\u0131 korku ve umutla doludur ve son derece rekabet\u00e7i bas\u0131m ve yay\u0131n pazar\u0131ndaki zorluklar her d\u00f6nemde ve her yeni gelenin durumuna g\u00f6re s\u0131k\u0131nt\u0131l\u0131d\u0131r. Tecr\u00fcbe de\u011fi\u015fti ve toprakta nefes alan tohum yerini g\u00fc\u00e7l\u00fc k\u00f6kleri olan gen\u00e7 bir fidana b\u0131rakt\u0131. Art\u0131k dinamizm ve b\u00fcy\u00fcme zaman\u0131 gelmi\u015fti ve \u00e7a\u011f\u0131n bu \u00f6\u011fretmeninin zaman\u0131, bu yolun t\u00fcm yolda\u015flar\u0131 aras\u0131ndan, ilk zor g\u00fcnlerde ve kavaklar\u0131n filizlenmesi yolunda uyum i\u00e7inde olanlardan se\u00e7mi\u015fti. , ve seksenlerin ortalar\u0131nda nihayet sabr\u0131n ve emeklerinin \u00f6d\u00fcl\u00fc Nobar markas\u0131n\u0131n piyasaya resmi tan\u0131t\u0131m\u0131 oldu.<\/p><\/div><\/div><\/div>\r\n\t\t<\/div>\r\n\t\t\r\n\t\t\t\t\t\t<\/div>\n\t\t\t\t<\/div>\n\t\t\t\t\t<\/div>\n\t\t<\/div>\n\t\t\t\t\t<\/div>\n\t\t<\/section>\n\t\t\t\t<section class=\"elementor-section elementor-top-section elementor-element elementor-element-dfc6112 elementor-section-stretched elementor-section-boxed elementor-section-height-default elementor-section-height-default\" data-id=\"dfc6112\" data-element_type=\"section\" data-settings=\"{&quot;stretch_section&quot;:&quot;section-stretched&quot;,&quot;background_background&quot;:&quot;classic&quot;}\">\n\t\t\t\t\t\t\t<div class=\"elementor-background-overlay\"><\/div>\n\t\t\t\t\t\t\t<div class=\"elementor-container elementor-column-gap-default\">\n\t\t\t\t\t<div class=\"elementor-column elementor-col-100 elementor-top-column elementor-element elementor-element-9a0a116\" data-id=\"9a0a116\" data-element_type=\"column\">\n\t\t\t<div class=\"elementor-widget-wrap elementor-element-populated\">\n\t\t\t\t\t\t<div class=\"elementor-element elementor-element-977d6c2 elementor-widget elementor-widget-timeline-widget-addon\" data-id=\"977d6c2\" data-element_type=\"widget\" data-widget_type=\"timeline-widget-addon.default\">\n\t\t\t\t<div class=\"elementor-widget-container\">\n\t\t\t\t\t<!-- ========= Timeline Widget Addon For Elementor 1.6.8 ========= -->\n<div id=\"twae-wrapper-977d6c2\" class=\"twae-vertical twae-wrapper  twae-both-sided\">   \n    <div class=\"twae-start\"><\/div>    \n    <div id=\"twea-timeline-977d6c2\" class=\"twae-timeline\" ><!-- Story Year Label --><div class=\"twae-year twae-year-container story-year-c8ae1a8\">\n\t\t\t\t\t<div class=\"twae-year-label twae-year-text\">2001<\/div>\n\t\t\t\t<\/div><!-- Start of Story Repeater Content --><div id=\"story-c8ae1a8\" class=\"twae-story twae-repeater-item twae-story-right twae-story-no-icon\"><!-- Story Icon --><div class=\"twae-icon\"><i aria-hidden=\"true\" class=\"far fa-clock\"><\/i><\/div><!-- Story Arrow --><div class=\"twae-arrow\"><\/div><!-- Start of Story Content --><div class=\"twae-content\"><!-- Story Title --><div class=\"twae-title\">Bas\u0131l\u0131 malzeme ithalat\u0131 alan\u0131nda \u015firket kurmak ve odakl\u0131 bir faaliyete ba\u015flamak<\/div><\/div><\/div><!-- Story Year Label --><div class=\"twae-year twae-year-container story-year-1c39460\">\n\t\t\t\t\t<div class=\"twae-year-label twae-year-text\">2006<\/div>\n\t\t\t\t<\/div><!-- Start of Story Repeater Content --><div id=\"story-1c39460\" class=\"twae-story twae-repeater-item twae-story-left twae-story-no-icon\"><!-- Story Icon --><div class=\"twae-icon\"><i aria-hidden=\"true\" class=\"far fa-clock\"><\/i><\/div><!-- Story Arrow --><div class=\"twae-arrow\"><\/div><!-- Start of Story Content --><div class=\"twae-content\"><!-- Story Title --><div class=\"twae-title\">Organizasyon i\u00e7indeki de\u011fi\u015fiklikler ve Sobar markas\u0131n\u0131n ortaya \u00e7\u0131k\u0131\u015f\u0131 ve bu marka ad\u0131 alt\u0131nda resmi faaliyet<\/div><\/div><\/div><!-- Story Year Label --><div class=\"twae-year twae-year-container story-year-eed01db\">\n\t\t\t\t\t<div class=\"twae-year-label twae-year-text\">2011<\/div>\n\t\t\t\t<\/div><!-- Start of Story Repeater Content --><div id=\"story-eed01db\" class=\"twae-story twae-repeater-item twae-story-right twae-story-no-icon\"><!-- Story Icon --><div class=\"twae-icon\"><i aria-hidden=\"true\" class=\"far fa-clock\"><\/i><\/div><!-- Story Arrow --><div class=\"twae-arrow\"><\/div><!-- Start of Story Content --><div class=\"twae-content\"><!-- Story Title --><div class=\"twae-title\">Pazar\u0131n ihtiya\u00e7lar\u0131n\u0131 incelemeye odaklanmak ve deniza\u015f\u0131r\u0131 \u015firketlerle i\u015fbirli\u011fine temel sa\u011flamak i\u00e7in bir d\u00fc\u015f\u00fcnce kurulu\u015fu olu\u015fturmak<\/div><\/div><\/div><!-- Story Year Label --><div class=\"twae-year twae-year-container story-year-93a4993\">\n\t\t\t\t\t<div class=\"twae-year-label twae-year-text\">2017<\/div>\n\t\t\t\t<\/div><!-- Start of Story Repeater Content --><div id=\"story-93a4993\" class=\"twae-story twae-repeater-item twae-story-left twae-story-no-icon\"><!-- Story Icon --><div class=\"twae-icon\"><i aria-hidden=\"true\" class=\"far fa-clock\"><\/i><\/div><!-- Story Arrow --><div class=\"twae-arrow\"><\/div><!-- Start of Story Content --><div class=\"twae-content\"><!-- Story Title --><div class=\"twae-title\">\u0130\u015fbirli\u011fi zapt\u0131 imzalanmas\u0131 ve Spruce termal selofan i\u00e7in bir ithalat acentesi al\u0131nmas\u0131<\/div><\/div><\/div><!-- Story Year Label --><div class=\"twae-year twae-year-container story-year-3ae4364\">\n\t\t\t\t\t<div class=\"twae-year-label twae-year-text\">2018<\/div>\n\t\t\t\t<\/div><!-- Start of Story Repeater Content --><div id=\"story-3ae4364\" class=\"twae-story twae-repeater-item twae-story-right twae-story-no-icon\"><!-- Story Icon --><div class=\"twae-icon\"><i aria-hidden=\"true\" class=\"far fa-clock\"><\/i><\/div><!-- Story Arrow --><div class=\"twae-arrow\"><\/div><!-- Start of Story Content --><div class=\"twae-content\"><!-- Story Title --><div class=\"twae-title\">Alman Unai firmas\u0131ndan ilk temsilcili\u011fin al\u0131nmas\u0131 ve bu markan\u0131n \u00fcr\u00fcnlerinin \u0130ran pazar\u0131na tan\u0131t\u0131lmas\u0131<\/div><\/div><\/div><!-- Story Year Label --><div class=\"twae-year twae-year-container story-year-4605f31\">\n\t\t\t\t\t<div class=\"twae-year-label twae-year-text\">2020<\/div>\n\t\t\t\t<\/div><!-- Start of Story Repeater Content --><div id=\"story-4605f31\" class=\"twae-story twae-repeater-item twae-story-left twae-story-no-icon\"><!-- Story Icon --><div class=\"twae-icon\"><i aria-hidden=\"true\" class=\"far fa-clock\"><\/i><\/div><!-- Story Arrow --><div class=\"twae-arrow\"><\/div><!-- Start of Story Content --><div class=\"twae-content\"><!-- Story Title --><div class=\"twae-title\">\u0130ran'da Yuna markas\u0131n\u0131n resmi ba\u015flang\u0131c\u0131 ve bu \u015firketin su bazl\u0131 verniklerinin ithalat\u0131<\/div><\/div><\/div><!-- Story Year Label --><div class=\"twae-year twae-year-container story-year-b5c1dae\">\n\t\t\t\t\t<div class=\"twae-year-label twae-year-text\">2021<\/div>\n\t\t\t\t<\/div><!-- Start of Story Repeater Content --><div id=\"story-b5c1dae\" class=\"twae-story twae-repeater-item twae-story-right twae-story-no-icon\"><!-- Story Icon --><div class=\"twae-icon\"><i aria-hidden=\"true\" class=\"far fa-clock\"><\/i><\/div><!-- Story Arrow --><div class=\"twae-arrow\"><\/div><!-- Start of Story Content --><div class=\"twae-content\"><!-- Story Title --><div class=\"twae-title\">Yuna ve Sanobar'\u0131n bas\u0131m ve yay\u0131n sergisinde ortak g\u00f6r\u00fcn\u00fcm\u00fc<\/div><\/div><\/div><\/div>\n    <div class=\"twae-end\"><\/div>\n    <\/div><style type=\"text\/css\">@media (max-width: 1024px){ .twae-wrapper{--tw-ybx-size: 80px !important;}}@media (max-width: 767px){ .twae-wrapper{--tw-ybx-size: 80px !important}}<\/style>\t\t\t\t<\/div>\n\t\t\t\t<\/div>\n\t\t\t\t\t<\/div>\n\t\t<\/div>\n\t\t\t\t\t<\/div>\n\t\t<\/section>\n\t\t\t\t<section class=\"elementor-section elementor-top-section elementor-element elementor-element-420ed09 elementor-section-stretched elementor-section-boxed elementor-section-height-default elementor-section-height-default\" data-id=\"420ed09\" data-element_type=\"section\" data-settings=\"{&quot;stretch_section&quot;:&quot;section-stretched&quot;,&quot;background_background&quot;:&quot;classic&quot;}\">\n\t\t\t\t\t\t<div class=\"elementor-container elementor-column-gap-default\">\n\t\t\t\t\t<div class=\"elementor-column elementor-col-66 elementor-top-column elementor-element elementor-element-34ca487\" data-id=\"34ca487\" data-element_type=\"column\">\n\t\t\t<div class=\"elementor-widget-wrap elementor-element-populated\">\n\t\t\t\t\t\t<div class=\"elementor-element elementor-element-7b20421 elementor-widget elementor-widget-cz_gap\" data-id=\"7b20421\" data-element_type=\"widget\" data-widget_type=\"cz_gap.default\">\n\t\t\t\t<div class=\"elementor-widget-container\">\n\t\t\t\t\t<div class=\"cz_gap clr\"><\/div>\t\t\t\t<\/div>\n\t\t\t\t<\/div>\n\t\t\t\t<div class=\"elementor-element elementor-element-3cc14ae elementor-widget elementor-widget-cz_title\" data-id=\"3cc14ae\" data-element_type=\"widget\" data-widget_type=\"cz_title.default\">\n\t\t\t\t<div class=\"elementor-widget-container\">\n\t\t\t\t\t\t\r\n\t\t<div>\r\n\t\t\t<div class=\"cz_title clr cz_mobile_text_center cz_title_pos_inline\"><div class=\"cz_title_shape shape_image cz_shape_1\"><img decoding=\"async\" width=\"140\" height=\"106\" src=\"data:image\/svg+xml,%3Csvg%20xmlns%3D&#39;http%3A%2F%2Fwww.w3.org%2F2000%2Fsvg&#39;%20width=&#39;140&#39;%20height=&#39;106&#39;%20viewBox%3D&#39;0%200%20140%20106&#39;%2F%3E\" data-czlz data-src=\"https:\/\/senobar-print.com\/wp-content\/uploads\/2022\/09\/logo-mark-12.png\" class=\"attachment-full size-full wp-image-4934\" alt=\"\" \/><\/div><div class=\"cz_title_content\"><div class=\"cz_wpe_content\"><h3 style=\"line-height: 1.3; text-align: justify;\"><span style=\"font-size: 40px;\"><span style=\"color: #ffffff;\">ladin <\/span>\u00a0<span style=\"color: #15ab4a;\">Toplama Politikas\u0131<\/span><\/span><\/h3>\n<p style=\"text-align: justify;\"><span style=\"font-weight: 400; color: #ffffff;\">Samobar Grubu'nun en ba\u015f\u0131ndan beri politikas\u0131, personel aras\u0131nda kolektif d\u00fc\u015f\u00fcnce ve ekip \u00e7al\u0131\u015fmas\u0131 ruhunu te\u015fvik etmekti. Y\u00f6neticilerin hem sunum alan\u0131nda hem de sat\u0131\u015f s\u00fcrecinde yarat\u0131c\u0131 fikirleri kullanmaya s\u00fcrekli vurgu yapmalar\u0131 Sobar'\u0131n ay\u0131rt edici \u00f6zelliklerinden biridir ve bu her zaman ilerleme h\u0131z\u0131n\u0131 art\u0131rman\u0131n yan\u0131 s\u0131ra ekip \u00e7al\u0131\u015fmas\u0131 ve \u00e7al\u0131\u015fma ruhu yarat\u0131r. gen\u00e7 g\u00fc\u00e7ler aras\u0131nda destek ve Sonu\u00e7, markan\u0131n ve personelin birle\u015fik bir bi\u00e7imde bireysel ve kolektif b\u00fcy\u00fcmesi i\u00e7in bir alan\u0131n ortaya \u00e7\u0131kmas\u0131 olmu\u015ftur.<\/span><\/p>\n<p style=\"text-align: justify;\"><span style=\"color: #dddddd; font-size: 20px;\">\u00a0<\/span><\/p><\/div><\/div><\/div>\r\n\t\t<\/div>\r\n\t\t\r\n\t\t\t\t\t\t<\/div>\n\t\t\t\t<\/div>\n\t\t\t\t<div class=\"elementor-element elementor-element-5397442 elementor-widget elementor-widget-cz_title\" data-id=\"5397442\" data-element_type=\"widget\" data-widget_type=\"cz_title.default\">\n\t\t\t\t<div class=\"elementor-widget-container\">\n\t\t\t\t\t\t\r\n\t\t<div>\r\n\t\t\t<div class=\"cz_title clr cz_mobile_text_center cz_title_pos_inline\"><div class=\"cz_title_content\"><div class=\"cz_wpe_content\"><h3 style=\"line-height: 1.3; text-align: justify;\"><span style=\"font-size: 40px;\"><span style=\"color: #15ab4a;\">Every product <span style=\"color: #ffffff;\">spurce'den izler<\/span><\/span><\/span><\/h3>\n<p style=\"text-align: justify;\"><span style=\"font-weight: 400; color: #ffffff;\">Grubun yirmi y\u0131ll\u0131k faaliyeti ve matbaa pazar\u0131ndaki ihtiya\u00e7lar\u0131 ve f\u0131rsatlar\u0131 g\u00f6zlemlemesinden sonra Sobar'da b\u00fcy\u00fck kararlar al\u0131n\u0131yordu. Bu, piyasada bo\u015fluklar\u0131 g\u00fc\u00e7l\u00fc bir \u015fekilde hissedilen, ancak tam tersine, tedarik\u00e7iler taraf\u0131nda olan \u00fcr\u00fcnlerle ilgiliydi. Bunlara \u00f6zel bir ilgi g\u00f6sterilmedi ve elbette benzeri g\u00f6r\u00fclmemi\u015f uluslararas\u0131 yapt\u0131r\u0131mlar gibi sorunlar \u00fczerlerindeki faaliyet alan\u0131n\u0131 daraltt\u0131. Ancak Sobar d\u00fc\u015f\u00fcnce odas\u0131, piyasan\u0131n temel ve hassas ihtiya\u00e7lar\u0131n\u0131 kar\u015f\u0131lamak amac\u0131 ile olu\u015fturulmu\u015f ve nihayetinde mevcut t\u00fcm engellerin aras\u0131ndan b\u00fcy\u00fck bir karar verdi\u011fi bilgisiyle ortaya \u00e7\u0131km\u0131\u015ft\u0131r.\u00a0<\/span><\/p>\n<p style=\"text-align: justify;\"><span style=\"font-weight: 400; color: #ffffff;\">Buna dayanarak, kava\u011f\u0131n ilk \u00f6zel ticari \u00fcr\u00fcn\u00fc olu\u015fturuldu. Ladin termal selefon...<\/span><\/p>\n<p style=\"text-align: justify;\"><span style=\"color: #dddddd; font-size: 20px;\">\u00a0<\/span><\/p><\/div><\/div><\/div>\r\n\t\t<\/div>\r\n\t\t\r\n\t\t\t\t\t\t<\/div>\n\t\t\t\t<\/div>\n\t\t\t\t\t<\/div>\n\t\t<\/div>\n\t\t\t\t<div class=\"elementor-column elementor-col-33 elementor-top-column elementor-element elementor-element-98b685e\" data-id=\"98b685e\" data-element_type=\"column\">\n\t\t\t<div class=\"elementor-widget-wrap elementor-element-populated\">\n\t\t\t\t\t\t<div class=\"elementor-element elementor-element-4d597b0 elementor-widget elementor-widget-cz_image\" data-id=\"4d597b0\" data-element_type=\"widget\" data-widget_type=\"cz_image.default\">\n\t\t\t\t<div class=\"elementor-widget-container\">\n\t\t\t\t\t\r\n\t\t<div class=\"cz_image clr cz_image_no_fx center_on_mobile\">\r\n\r\n\t\t\t<div class=\"cz_svg_bg\">\r\n\r\n\t\t\t\t<div class=\"cz_image_in\" data-tilt>\r\n\r\n\t\t\t\t\t<div class=\"cz_main_image\"><img loading=\"lazy\" decoding=\"async\" width=\"768\" height=\"1024\" src=\"data:image\/svg+xml,%3Csvg%20xmlns%3D&#39;http%3A%2F%2Fwww.w3.org%2F2000%2Fsvg&#39;%20width=&#39;768&#39;%20height=&#39;1024&#39;%20viewBox%3D&#39;0%200%20768%201024&#39;%2F%3E\" data-czlz data-src=\"https:\/\/senobar-print.com\/wp-content\/uploads\/2022\/09\/WhatsApp-Image-2022-09-10-at-1.52.54-PM.jpeg\" class=\"attachment-full size-full wp-image-5644\" alt=\"\" data-srcset=\"https:\/\/senobar-print.com\/wp-content\/uploads\/2022\/09\/WhatsApp-Image-2022-09-10-at-1.52.54-PM.jpeg 768w, https:\/\/senobar-print.com\/wp-content\/uploads\/2022\/09\/WhatsApp-Image-2022-09-10-at-1.52.54-PM-225x300.jpeg 225w, https:\/\/senobar-print.com\/wp-content\/uploads\/2022\/09\/WhatsApp-Image-2022-09-10-at-1.52.54-PM-600x800.jpeg 600w\" data-sizes=\"(max-width: 768px) 100vw, 768px\" \/><\/div>\r\n\r\n\t\t\t\t\t<div class=\"cz_hover_image\"><img loading=\"lazy\" decoding=\"async\" width=\"768\" height=\"1024\" src=\"data:image\/svg+xml,%3Csvg%20xmlns%3D&#39;http%3A%2F%2Fwww.w3.org%2F2000%2Fsvg&#39;%20width=&#39;768&#39;%20height=&#39;1024&#39;%20viewBox%3D&#39;0%200%20768%201024&#39;%2F%3E\" data-czlz data-src=\"https:\/\/senobar-print.com\/wp-content\/uploads\/2022\/09\/WhatsApp-Image-2022-09-10-at-1.52.54-PM.jpeg\" class=\"attachment-full size-full wp-image-5644\" alt=\"\" data-srcset=\"https:\/\/senobar-print.com\/wp-content\/uploads\/2022\/09\/WhatsApp-Image-2022-09-10-at-1.52.54-PM.jpeg 768w, https:\/\/senobar-print.com\/wp-content\/uploads\/2022\/09\/WhatsApp-Image-2022-09-10-at-1.52.54-PM-225x300.jpeg 225w, https:\/\/senobar-print.com\/wp-content\/uploads\/2022\/09\/WhatsApp-Image-2022-09-10-at-1.52.54-PM-600x800.jpeg 600w\" data-sizes=\"(max-width: 768px) 100vw, 768px\" \/><\/div>\r\n\t\t\t\t<\/div>\r\n\r\n\t\t\t\t\r\n\t\t\t<\/div>\r\n\r\n\t\t<\/div>\r\n\r\n\t\t\t\t\t\t<\/div>\n\t\t\t\t<\/div>\n\t\t\t\t\t<\/div>\n\t\t<\/div>\n\t\t\t\t\t<\/div>\n\t\t<\/section>\n\t\t\t\t<\/div>\n\t\t","protected":false},"excerpt":{"rendered":"<p>En alttan en \u00fcste ladin Bu topra\u011f\u0131n kalbinde gen\u00e7 bir fidan &#8230; <\/p>\n","protected":false},"author":1,"featured_media":0,"parent":0,"menu_order":0,"comment_status":"closed","ping_status":"closed","template":"","meta":{"footnotes":""},"class_list":["post-7329","page","type-page","status-publish","hentry"],"_links":{"self":[{"href":"https:\/\/senobar-print.com\/tr\/wp-json\/wp\/v2\/pages\/7329","targetHints":{"allow":["GET"]}}],"collection":[{"href":"https:\/\/senobar-print.com\/tr\/wp-json\/wp\/v2\/pages"}],"about":[{"href":"https:\/\/senobar-print.com\/tr\/wp-json\/wp\/v2\/types\/page"}],"author":[{"embeddable":true,"href":"https:\/\/senobar-print.com\/tr\/wp-json\/wp\/v2\/users\/1"}],"replies":[{"embeddable":true,"href":"https:\/\/senobar-print.com\/tr\/wp-json\/wp\/v2\/comments?post=7329"}],"version-history":[{"count":3,"href":"https:\/\/senobar-print.com\/tr\/wp-json\/wp\/v2\/pages\/7329\/revisions"}],"predecessor-version":[{"id":7447,"href":"https:\/\/senobar-print.com\/tr\/wp-json\/wp\/v2\/pages\/7329\/revisions\/7447"}],"wp:attachment":[{"href":"https:\/\/senobar-print.com\/tr\/wp-json\/wp\/v2\/media?parent=7329"}],"curies":[{"name":"wp","href":"https:\/\/api.w.org\/{rel}","templated":true}]}}